{"id":1090,"date":"2019-09-23T14:47:17","date_gmt":"2019-09-23T12:47:17","guid":{"rendered":"https:\/\/mako-gips.ch\/?page_id=1090"},"modified":"2019-12-31T09:45:07","modified_gmt":"2019-12-31T08:45:07","slug":"aktuelles","status":"publish","type":"page","link":"https:\/\/mako-gips.ch\/?page_id=1090","title":{"rendered":"Aktuelles"},"content":{"rendered":"<p>[et_pb_section fb_built=&#8220;1&#8243; custom_padding_last_edited=&#8220;on|tablet&#8220; admin_label=&#8220;Intro Section&#8220; _builder_version=&#8220;3.29.2&#8243; background_color_gradient_direction=&#8220;160deg&#8220; custom_margin_tablet=&#8220;&#8220; custom_margin_phone=&#8220;&#8220; custom_margin_last_edited=&#8220;on|desktop&#8220; custom_padding=&#8220;50px|0px|90px|0px|false|false&#8220; custom_padding_tablet=&#8220;||50px||false|false&#8220; custom_padding_phone=&#8220;&#8220;][et_pb_row admin_label=&#8220;Intro Row&#8220; _builder_version=&#8220;3.25&#8243; custom_padding=&#8220;0px||0px|||&#8220;][et_pb_column type=&#8220;4_4&#8243; _builder_version=&#8220;3.25&#8243; custom_padding=&#8220;|||&#8220; custom_padding__hover=&#8220;|||&#8220;][et_pb_text admin_label=&#8220;Aktuelles&#8220; _builder_version=&#8220;3.29.2&#8243; ul_line_height=&#8220;1.6em&#8220; header_2_text_align=&#8220;center&#8220; header_2_line_height=&#8220;1.2em&#8220; text_orientation=&#8220;center&#8220; max_width=&#8220;800px&#8220; max_width_last_edited=&#8220;off|desktop&#8220; module_alignment=&#8220;center&#8220; custom_margin=&#8220;|||&#8220; custom_padding=&#8220;|||&#8220; custom_padding_last_edited=&#8220;off|desktop&#8220; text_text_color_tablet=&#8220;&#8220; text_text_color_phone=&#8220;&#8220; text_text_color_last_edited=&#8220;on|desktop&#8220; header_2_font_size_tablet=&#8220;&#8220; header_2_font_size_phone=&#8220;40px&#8220; header_2_font_size_last_edited=&#8220;on|phone&#8220;]<\/p>\n<h1 style=\"text-align: left;\">Aktuelles\u00a0<\/h1>\n<p>[\/et_pb_text][\/et_pb_column][\/et_pb_row][\/et_pb_section][et_pb_section fb_built=&#8220;1&#8243; custom_padding_last_edited=&#8220;on|phone&#8220; admin_label=&#8220;Blog Section&#8220; _builder_version=&#8220;3.29.2&#8243; background_color=&#8220;rgba(0,108,186,0.08)&#8220; background_position=&#8220;top_center&#8220; custom_padding=&#8220;100px|0px|100px|0px&#8220; custom_padding_tablet=&#8220;80px|0px|80px|0px|false|false&#8220; custom_padding_phone=&#8220;80px|0px|40px|0px|false|false&#8220;][et_pb_row use_custom_gutter=&#8220;on&#8220; gutter_width=&#8220;2&#8243; make_equal=&#8220;on&#8220; admin_label=&#8220;Blog Posts Row&#8220; _builder_version=&#8220;3.29.2&#8243; custom_padding=&#8220;0px||1px|||&#8220;][et_pb_column type=&#8220;4_4&#8243; _builder_version=&#8220;3.25&#8243; custom_padding=&#8220;|||&#8220; custom_padding__hover=&#8220;|||&#8220;][et_pb_blog posts_number=&#8220;9&#8243; include_categories=&#8220;21,1,12,16,14,20,11,17,15,13&#8243; use_manual_excerpt=&#8220;off&#8220; excerpt_length=&#8220;0&#8243; show_pagination=&#8220;on&#8220; use_overlay=&#8220;on&#8220; overlay_icon_color=&#8220;#ffffff&#8220; hover_overlay_color=&#8220;#006cba&#8220; hover_icon=&#8220;%%3%%&#8220; module_class=&#8220;sensei-grid&#8220; _builder_version=&#8220;3.29.2&#8243; header_line_height=&#8220;1.3em&#8220; meta_font=&#8220;Muli||||||||&#8220; animation_style=&#8220;fade&#8220; body_font_size_tablet=&#8220;&#8220; body_font_size_phone=&#8220;&#8220; body_font_size_last_edited=&#8220;on|desktop&#8220; border_width_all=&#8220;0px&#8220;][\/et_pb_blog][\/et_pb_column][\/et_pb_row][\/et_pb_section][et_pb_section fb_built=&#8220;1&#8243; custom_padding_last_edited=&#8220;on|phone&#8220; admin_label=&#8220;Footer_ohne_Logo&#8220; _builder_version=&#8220;3.29.2&#8243; background_color=&#8220;rgba(0,108,186,0.08)&#8220; custom_margin=&#8220;||0px||false|false&#8220; custom_padding=&#8220;||||false|false&#8220; custom_padding_tablet=&#8220;80px||80px||false|false&#8220; custom_padding_phone=&#8220;70px||70px||false|false&#8220; border_width_top=&#8220;5px&#8220; border_color_top=&#8220;#ffffff&#8220; global_module=&#8220;848&#8243; saved_tabs=&#8220;all&#8220;][et_pb_row column_structure=&#8220;1_3,1_3,1_3&#8243; admin_label=&#8220;Adresse_Zeile&#8220; _builder_version=&#8220;4.0.7&#8243; custom_padding=&#8220;0px||0px||false|false&#8220;][et_pb_column type=&#8220;1_3&#8243; _builder_version=&#8220;3.29.2&#8243;][et_pb_text admin_label=&#8220;Mako-Gips GmbH&#8220; _builder_version=&#8220;4.0.7&#8243; max_width=&#8220;800px&#8220; max_width_tablet=&#8220;100%&#8220; max_width_phone=&#8220;&#8220; max_width_last_edited=&#8220;on|phone&#8220; hover_enabled=&#8220;0&#8243;]<\/p>\n<p><strong>Gipsergesch\u00e4ft Mako Gips AG<br \/> <\/strong>Kristian Komoni<br \/> Pfrundstrasse 3<br \/> 6133 Hergiswil<\/p>\n<p>[\/et_pb_text][\/et_pb_column][et_pb_column type=&#8220;1_3&#8243; _builder_version=&#8220;3.29.2&#8243;][et_pb_text admin_label=&#8220;Telefon\/Mobile&#8220; _builder_version=&#8220;4.0.7&#8243; max_width=&#8220;800px&#8220; max_width_tablet=&#8220;100%&#8220; max_width_phone=&#8220;&#8220; max_width_last_edited=&#8220;on|phone&#8220;]<\/p>\n<p>Telefon <a href=\"tel:+41419790080\">041 979 00 80<\/a><br \/>Mobile\u00a0 <a href=\"tel:+41796280683\">079 628 06 83<\/a><br \/> <a href=\"mailto:info@mako-gips.ch\">info@mako-gips.ch<\/a><\/p>\n<p>[\/et_pb_text][\/et_pb_column][et_pb_column type=&#8220;1_3&#8243; _builder_version=&#8220;3.29.2&#8243;][et_pb_text admin_label=&#8220;Dienstleistungen im Footer&#8220; _builder_version=&#8220;4.0.7&#8243; text_text_color=&#8220;#006cba&#8220; link_text_color=&#8220;#006cba&#8220; max_width=&#8220;800px&#8220; max_width_tablet=&#8220;100%&#8220; max_width_phone=&#8220;&#8220; max_width_last_edited=&#8220;on|phone&#8220;]<\/p>\n<p><a href=\"https:\/\/mako-gips.ch\/dienstleistungen\/\"><strong>Unsere Dienstleistungen<\/strong><\/a><br \/> <a href=\"https:\/\/mako-gips.ch\/dienstleistungen\/#innere_gipsarbeiten\">Innere Gipserarbeiten<\/a><br \/> <a href=\"https:\/\/mako-gips.ch\/dienstleistungen\/#ausserwaermung\">Aussenw\u00e4rmed\u00e4mmungen<\/a><br \/> <a href=\"https:\/\/mako-gips.ch\/dienstleistungen\/#trockenbauarbeiten\">Trockenbauarbeiten<\/a><br \/> <a href=\"https:\/\/mako-gips.ch\/dienstleistungen\/#fliessboden\">Fliessb\u00f6den<\/a><br \/> <a href=\"https:\/\/mako-gips.ch\/dienstleistungen\/#stuckaturen\">Stuckaturen<\/a><\/p>\n<p>[\/et_pb_text][\/et_pb_column][\/et_pb_row][\/et_pb_section]<\/p>\n","protected":false},"excerpt":{"rendered":"<p>Aktuelles\u00a0Gipsergesch\u00e4ft Mako Gips AG Kristian Komoni Pfrundstrasse 3 6133 Hergiswil Telefon 041 979 00 80Mobile\u00a0 079 628 06 83 info@mako-gips.chUnsere Dienstleistungen Innere Gipserarbeiten Aussenw\u00e4rmed\u00e4mmungen Trockenbauarbeiten Fliessb\u00f6den Stuckaturen<\/p>\n","protected":false},"author":2,"featured_media":0,"parent":0,"menu_order":0,"comment_status":"closed","ping_status":"closed","template":"","meta":{"_et_pb_use_builder":"on","_et_pb_old_content":"","_et_gb_content_width":"","footnotes":""},"class_list":["post-1090","page","type-page","status-publish","hentry"],"_links":{"self":[{"href":"https:\/\/mako-gips.ch\/index.php?rest_route=\/wp\/v2\/pages\/1090","targetHints":{"allow":["GET"]}}],"collection":[{"href":"https:\/\/mako-gips.ch\/index.php?rest_route=\/wp\/v2\/pages"}],"about":[{"href":"https:\/\/mako-gips.ch\/index.php?rest_route=\/wp\/v2\/types\/page"}],"author":[{"embeddable":true,"href":"https:\/\/mako-gips.ch\/index.php?rest_route=\/wp\/v2\/users\/2"}],"replies":[{"embeddable":true,"href":"https:\/\/mako-gips.ch\/index.php?rest_route=%2Fwp%2Fv2%2Fcomments&post=1090"}],"version-history":[{"count":32,"href":"https:\/\/mako-gips.ch\/index.php?rest_route=\/wp\/v2\/pages\/1090\/revisions"}],"predecessor-version":[{"id":2285,"href":"https:\/\/mako-gips.ch\/index.php?rest_route=\/wp\/v2\/pages\/1090\/revisions\/2285"}],"wp:attachment":[{"href":"https:\/\/mako-gips.ch\/index.php?rest_route=%2Fwp%2Fv2%2Fmedia&parent=1090"}],"curies":[{"name":"wp","href":"https:\/\/api.w.org\/{rel}","templated":true}]}}