{"id":781,"date":"2019-09-17T12:05:50","date_gmt":"2019-09-17T10:05:50","guid":{"rendered":"https:\/\/mako-gips.ch\/?page_id=781"},"modified":"2020-04-07T09:07:03","modified_gmt":"2020-04-07T07:07:03","slug":"kontakt","status":"publish","type":"page","link":"https:\/\/mako-gips.ch\/?page_id=781","title":{"rendered":"Kontakt"},"content":{"rendered":"<p>[et_pb_section fb_built=&#8220;1&#8243; custom_padding_last_edited=&#8220;on|phone&#8220; admin_label=&#8220;Intro Section&#8220; _builder_version=&#8220;4.0.7&#8243; background_color_gradient_direction=&#8220;160deg&#8220; custom_padding=&#8220;50px|0px|0px|0px|false|false&#8220; custom_padding_tablet=&#8220;||0px||false|false&#8220; custom_padding_phone=&#8220;||0px||false|false&#8220;][et_pb_row admin_label=&#8220;Intro Row&#8220; _builder_version=&#8220;3.29.2&#8243; custom_padding=&#8220;0px||0px|||&#8220;][et_pb_column type=&#8220;4_4&#8243; _builder_version=&#8220;3.25&#8243; custom_padding=&#8220;|||&#8220; custom_padding__hover=&#8220;|||&#8220;][et_pb_text admin_label=&#8220;So erreichen Sie uns&#8220; _builder_version=&#8220;4.0.7&#8243; ul_line_height=&#8220;1.6em&#8220; header_2_text_align=&#8220;center&#8220; header_2_line_height=&#8220;1.2em&#8220; text_orientation=&#8220;center&#8220; max_width=&#8220;800px&#8220; max_width_last_edited=&#8220;off|desktop&#8220; module_alignment=&#8220;center&#8220; custom_margin=&#8220;|||&#8220; custom_padding=&#8220;|||&#8220; custom_padding_last_edited=&#8220;off|desktop&#8220; text_text_color_tablet=&#8220;&#8220; text_text_color_phone=&#8220;&#8220; text_text_color_last_edited=&#8220;on|desktop&#8220; header_2_font_size_tablet=&#8220;&#8220; header_2_font_size_phone=&#8220;40px&#8220; header_2_font_size_last_edited=&#8220;on|phone&#8220;]<\/p>\n<h1 style=\"text-align: left;\">Schreiben Sie uns<\/h1>\n<p>[\/et_pb_text][\/et_pb_column][\/et_pb_row][et_pb_row use_custom_gutter=&#8220;on&#8220; gutter_width=&#8220;1&#8243; _builder_version=&#8220;4.0.7&#8243; max_width=&#8220;800px&#8220; module_alignment=&#8220;center&#8220; custom_margin=&#8220;50px||80px||false|false&#8220; custom_margin_tablet=&#8220;40px||||false|false&#8220; custom_margin_last_edited=&#8220;off|desktop&#8220; custom_padding=&#8220;0px|0px|0px|0px|false|false&#8220; animation_style=&#8220;fade&#8220;][et_pb_column type=&#8220;4_4&#8243; _builder_version=&#8220;3.29.2&#8243;][et_pb_contact_form email=&#8220;info@mako-gips.ch&#8220; custom_message=&#8220;Sie haben eine neue Nachricht \u00fcber die Website mako-gips.ch erhalten:||et_pb_line_break_holder||||et_pb_line_break_holder||Name: %%Name%%||et_pb_line_break_holder||||et_pb_line_break_holder||E-Mail: %%E-Mail%%||et_pb_line_break_holder||||et_pb_line_break_holder||Nachricht: %%Nachricht%%||et_pb_line_break_holder||||et_pb_line_break_holder||&#8220; success_message=&#8220;Vielen Dank f\u00fcr Ihr Nachricht. Wir nehmen in K\u00fcrze mit Ihnen Kontakt auf. &#8220; submit_button_text=&#8220;Senden&#8220; admin_label=&#8220;Kontaktformular&#8220; _builder_version=&#8220;4.0.7&#8243; form_field_background_color=&#8220;rgba(0,0,0,0)&#8220; form_field_text_color=&#8220;#2b2b2b&#8220; form_field_focus_background_color=&#8220;rgba(0,0,0,0)&#8220; form_field_focus_text_color=&#8220;#2b2b2b&#8220; title_level=&#8220;h5&#8243; title_font=&#8220;|700|||||||&#8220; title_text_color=&#8220;#006cba&#8220; title_line_height=&#8220;1.9em&#8220; captcha_text_color=&#8220;#2b2b2b&#8220; captcha_font_size=&#8220;14px&#8220; form_field_font_size=&#8220;16px&#8220; custom_margin=&#8220;||||false|false&#8220; custom_margin_tablet=&#8220;0px||||false|false&#8220; custom_margin_phone=&#8220;0px||||false|false&#8220; custom_margin_last_edited=&#8220;on|phone&#8220; border_width_bottom=&#8220;1px&#8220; border_color_bottom=&#8220;#006cba&#8220;][et_pb_contact_field field_id=&#8220;Name&#8220; field_title=&#8220;Name&#8220; _builder_version=&#8220;3.29.2&#8243; button_text_size__hover_enabled=&#8220;off&#8220; button_one_text_size__hover_enabled=&#8220;off&#8220; button_two_text_size__hover_enabled=&#8220;off&#8220; button_text_color__hover_enabled=&#8220;off&#8220; button_one_text_color__hover_enabled=&#8220;off&#8220; button_two_text_color__hover_enabled=&#8220;off&#8220; button_border_width__hover_enabled=&#8220;off&#8220; button_one_border_width__hover_enabled=&#8220;off&#8220; button_two_border_width__hover_enabled=&#8220;off&#8220; button_border_color__hover_enabled=&#8220;off&#8220; button_one_border_color__hover_enabled=&#8220;off&#8220; button_two_border_color__hover_enabled=&#8220;off&#8220; button_border_radius__hover_enabled=&#8220;off&#8220; button_one_border_radius__hover_enabled=&#8220;off&#8220; button_two_border_radius__hover_enabled=&#8220;off&#8220; button_letter_spacing__hover_enabled=&#8220;off&#8220; button_one_letter_spacing__hover_enabled=&#8220;off&#8220; button_two_letter_spacing__hover_enabled=&#8220;off&#8220; button_bg_color__hover_enabled=&#8220;off&#8220; button_one_bg_color__hover_enabled=&#8220;off&#8220; button_two_bg_color__hover_enabled=&#8220;off&#8220;][\/et_pb_contact_field][et_pb_contact_field field_id=&#8220;E-Mail&#8220; field_title=&#8220;E-Mail&#8220; field_type=&#8220;email&#8220; _builder_version=&#8220;3.29.2&#8243; button_text_size__hover_enabled=&#8220;off&#8220; button_one_text_size__hover_enabled=&#8220;off&#8220; button_two_text_size__hover_enabled=&#8220;off&#8220; button_text_color__hover_enabled=&#8220;off&#8220; button_one_text_color__hover_enabled=&#8220;off&#8220; button_two_text_color__hover_enabled=&#8220;off&#8220; button_border_width__hover_enabled=&#8220;off&#8220; button_one_border_width__hover_enabled=&#8220;off&#8220; button_two_border_width__hover_enabled=&#8220;off&#8220; button_border_color__hover_enabled=&#8220;off&#8220; button_one_border_color__hover_enabled=&#8220;off&#8220; button_two_border_color__hover_enabled=&#8220;off&#8220; button_border_radius__hover_enabled=&#8220;off&#8220; button_one_border_radius__hover_enabled=&#8220;off&#8220; button_two_border_radius__hover_enabled=&#8220;off&#8220; button_letter_spacing__hover_enabled=&#8220;off&#8220; button_one_letter_spacing__hover_enabled=&#8220;off&#8220; button_two_letter_spacing__hover_enabled=&#8220;off&#8220; button_bg_color__hover_enabled=&#8220;off&#8220; button_one_bg_color__hover_enabled=&#8220;off&#8220; button_two_bg_color__hover_enabled=&#8220;off&#8220;][\/et_pb_contact_field][et_pb_contact_field field_id=&#8220;Nachricht&#8220; field_title=&#8220;Nachricht&#8220; field_type=&#8220;text&#8220; fullwidth_field=&#8220;on&#8220; _builder_version=&#8220;3.29.2&#8243; button_text_size__hover_enabled=&#8220;off&#8220; button_one_text_size__hover_enabled=&#8220;off&#8220; button_two_text_size__hover_enabled=&#8220;off&#8220; button_text_color__hover_enabled=&#8220;off&#8220; button_one_text_color__hover_enabled=&#8220;off&#8220; button_two_text_color__hover_enabled=&#8220;off&#8220; button_border_width__hover_enabled=&#8220;off&#8220; button_one_border_width__hover_enabled=&#8220;off&#8220; button_two_border_width__hover_enabled=&#8220;off&#8220; button_border_color__hover_enabled=&#8220;off&#8220; button_one_border_color__hover_enabled=&#8220;off&#8220; button_two_border_color__hover_enabled=&#8220;off&#8220; button_border_radius__hover_enabled=&#8220;off&#8220; button_one_border_radius__hover_enabled=&#8220;off&#8220; button_two_border_radius__hover_enabled=&#8220;off&#8220; button_letter_spacing__hover_enabled=&#8220;off&#8220; button_one_letter_spacing__hover_enabled=&#8220;off&#8220; button_two_letter_spacing__hover_enabled=&#8220;off&#8220; button_bg_color__hover_enabled=&#8220;off&#8220; button_one_bg_color__hover_enabled=&#8220;off&#8220; button_two_bg_color__hover_enabled=&#8220;off&#8220;][\/et_pb_contact_field][\/et_pb_contact_form][\/et_pb_column][\/et_pb_row][et_pb_row column_structure=&#8220;2_5,3_5&#8243; use_custom_gutter=&#8220;on&#8220; gutter_width=&#8220;1&#8243; _builder_version=&#8220;4.0.7&#8243; max_width=&#8220;800px&#8220; module_alignment=&#8220;center&#8220; custom_margin=&#8220;0px||50px||false|false&#8220; custom_margin_tablet=&#8220;40px||||false|false&#8220; custom_margin_last_edited=&#8220;off|desktop&#8220; custom_padding=&#8220;0px|0px|0px|0px|false|false&#8220; animation_style=&#8220;fade&#8220;][et_pb_column type=&#8220;2_5&#8243; _builder_version=&#8220;3.29.2&#8243;][et_pb_text admin_label=&#8220;Adresse&#8220; _builder_version=&#8220;4.0.7&#8243; header_4_line_height=&#8220;1.4em&#8220; module_alignment=&#8220;left&#8220; custom_margin=&#8220;0px||0px||false|false&#8220; custom_padding=&#8220;|0px||0px|false|false&#8220; hover_enabled=&#8220;0&#8243;]<\/p>\n<p><strong>Gipsergesch\u00e4ft Mako Gips AG<br \/> <\/strong>Brugmatt 1<br \/>6130 Willisau<\/p>\n<div class=\"et_pb_column et_pb_column_1_4 et_pb_column_13  et_pb_css_mix_blend_mode_passthrough\">\n<div class=\"et_pb_module et_pb_text et_pb_text_9 et_pb_bg_layout_light  et_pb_text_align_left\">\n<div class=\"et_pb_text_inner\">\n<p><a href=\"mailto:info@mako-gips.ch\"><\/a><\/p>\n<\/div>\n<\/div>\n<\/div>\n<p>[\/et_pb_text][\/et_pb_column][et_pb_column type=&#8220;3_5&#8243; _builder_version=&#8220;3.29.2&#8243;][et_pb_text admin_label=&#8220;Adresse&#8220; _builder_version=&#8220;4.4.2&#8243; header_4_line_height=&#8220;1.4em&#8220; module_alignment=&#8220;left&#8220; custom_margin=&#8220;0px||0px||false|false&#8220; custom_padding=&#8220;|0px||0px|false|false&#8220; hover_enabled=&#8220;0&#8243;]<\/p>\n<p>Telefon\u00a0<a href=\"tel:+41419790080\">041 979 00 80<\/a><br \/> Mobile\u00a0<a href=\"tel:+417962806839\">079 628 06 83<\/a><br \/> <a href=\"mailto:info@mako-gips.ch\">info@mako-gips.ch<\/a><\/p>\n<p>[\/et_pb_text][\/et_pb_column][\/et_pb_row][et_pb_row _builder_version=&#8220;4.0.7&#8243; width=&#8220;100%&#8220; max_width=&#8220;2560px&#8220; custom_margin=&#8220;20px||0px||false|false&#8220; custom_margin_tablet=&#8220;&#8220; custom_margin_phone=&#8220;&#8220; custom_margin_last_edited=&#8220;on|tablet&#8220; custom_padding=&#8220;0px||0px||false|false&#8220; animation_style=&#8220;fade&#8220; hover_enabled=&#8220;0&#8243;][et_pb_column type=&#8220;4_4&#8243; _builder_version=&#8220;3.29.2&#8243;][et_pb_code admin_label=&#8220;Google Karte&#8220; _builder_version=&#8220;3.29.2&#8243; hover_enabled=&#8220;0&#8243;]<iframe loading=\"lazy\" src=\"https:\/\/www.google.com\/maps\/embed?pb=!1m18!1m12!1m3!1d2716.653698348841!2d7.954863416264119!3d47.086254279153536!2m3!1f0!2f0!3f0!3m2!1i1024!2i768!4f13.1!3m3!1m2!1s0x478fdbe644fa73e5%3A0x8b0d0bd7e0b5e77e!2sPfrundstrasse%203%2C%206133%20Hergiswil%20bei%20Willisau!5e0!3m2!1sde!2sch!4v1572515861774!5m2!1sde!2sch\" width=\"100%\" height=\"450\" frameborder=\"0\" style=\"border:0;\" allowfullscreen=\"\"><\/iframe>[\/et_pb_code][\/et_pb_column][\/et_pb_row][\/et_pb_section][et_pb_section fb_built=&#8220;1&#8243; custom_padding_last_edited=&#8220;on|phone&#8220; admin_label=&#8220;Footer_ohne_Logo&#8220; _builder_version=&#8220;3.29.2&#8243; background_color=&#8220;rgba(0,108,186,0.08)&#8220; custom_margin=&#8220;||0px||false|false&#8220; custom_padding=&#8220;||||false|false&#8220; custom_padding_tablet=&#8220;80px||80px||false|false&#8220; custom_padding_phone=&#8220;70px||70px||false|false&#8220; border_width_top=&#8220;5px&#8220; border_color_top=&#8220;#ffffff&#8220; global_module=&#8220;848&#8243; saved_tabs=&#8220;all&#8220;][et_pb_row column_structure=&#8220;1_3,1_3,1_3&#8243; admin_label=&#8220;Adresse_Zeile&#8220; _builder_version=&#8220;4.0.7&#8243; custom_padding=&#8220;0px||0px||false|false&#8220;][et_pb_column type=&#8220;1_3&#8243; _builder_version=&#8220;3.29.2&#8243;][et_pb_text admin_label=&#8220;Mako-Gips GmbH&#8220; _builder_version=&#8220;4.4.2&#8243; max_width=&#8220;800px&#8220; max_width_tablet=&#8220;100%&#8220; max_width_phone=&#8220;&#8220; max_width_last_edited=&#8220;on|phone&#8220;]<\/p>\n<p><strong>Gipsergesch\u00e4ft Mako Gips AG<br \/> <\/strong>Kristian Komoni<br \/>Bruggmatt 1<br \/>6130 Willisau<\/p>\n<p>[\/et_pb_text][\/et_pb_column][et_pb_column type=&#8220;1_3&#8243; _builder_version=&#8220;3.29.2&#8243;][et_pb_text admin_label=&#8220;Telefon\/Mobile&#8220; _builder_version=&#8220;4.0.7&#8243; max_width=&#8220;800px&#8220; max_width_tablet=&#8220;100%&#8220; max_width_phone=&#8220;&#8220; max_width_last_edited=&#8220;on|phone&#8220;]<\/p>\n<p>Telefon <a href=\"tel:+41419790080\">041 979 00 80<\/a><br \/>Mobile\u00a0 <a href=\"tel:+41796280683\">079 628 06 83<\/a><br \/> <a href=\"mailto:info@mako-gips.ch\">info@mako-gips.ch<\/a><\/p>\n<p>[\/et_pb_text][\/et_pb_column][et_pb_column type=&#8220;1_3&#8243; _builder_version=&#8220;3.29.2&#8243;][et_pb_text admin_label=&#8220;Dienstleistungen im Footer&#8220; _builder_version=&#8220;4.0.7&#8243; text_text_color=&#8220;#006cba&#8220; link_text_color=&#8220;#006cba&#8220; max_width=&#8220;800px&#8220; max_width_tablet=&#8220;100%&#8220; max_width_phone=&#8220;&#8220; max_width_last_edited=&#8220;on|phone&#8220;]<\/p>\n<p><a href=\"https:\/\/mako-gips.ch\/dienstleistungen\/\"><strong>Unsere Dienstleistungen<\/strong><\/a><br \/> <a href=\"https:\/\/mako-gips.ch\/dienstleistungen\/#innere_gipsarbeiten\">Innere Gipserarbeiten<\/a><br \/> <a href=\"https:\/\/mako-gips.ch\/dienstleistungen\/#ausserwaermung\">Aussenw\u00e4rmed\u00e4mmungen<\/a><br \/> <a href=\"https:\/\/mako-gips.ch\/dienstleistungen\/#trockenbauarbeiten\">Trockenbauarbeiten<\/a><br \/> <a href=\"https:\/\/mako-gips.ch\/dienstleistungen\/#fliessboden\">Fliessb\u00f6den<\/a><br \/> <a href=\"https:\/\/mako-gips.ch\/dienstleistungen\/#stuckaturen\">Stuckaturen<\/a><\/p>\n<p>[\/et_pb_text][\/et_pb_column][\/et_pb_row][\/et_pb_section]<\/p>\n","protected":false},"excerpt":{"rendered":"<p>Schreiben Sie unsGipsergesch\u00e4ft Mako Gips AG Brugmatt 16130 Willisau Telefon\u00a0041 979 00 80 Mobile\u00a0079 628 06 83 info@mako-gips.ch Gipsergesch\u00e4ft Mako Gips AG Kristian KomoniBruggmatt 16130 WillisauTelefon 041 979 00 80Mobile\u00a0 079 628 06 83 info@mako-gips.chUnsere Dienstleistungen Innere Gipserarbeiten Aussenw\u00e4rmed\u00e4mmungen Trockenbauarbeiten Fliessb\u00f6den Stuckaturen<\/p>\n","protected":false},"author":2,"featured_media":0,"parent":0,"menu_order":0,"comment_status":"closed","ping_status":"closed","template":"","meta":{"_et_pb_use_builder":"on","_et_pb_old_content":"","_et_gb_content_width":"","footnotes":""},"class_list":["post-781","page","type-page","status-publish","hentry"],"_links":{"self":[{"href":"https:\/\/mako-gips.ch\/index.php?rest_route=\/wp\/v2\/pages\/781","targetHints":{"allow":["GET"]}}],"collection":[{"href":"https:\/\/mako-gips.ch\/index.php?rest_route=\/wp\/v2\/pages"}],"about":[{"href":"https:\/\/mako-gips.ch\/index.php?rest_route=\/wp\/v2\/types\/page"}],"author":[{"embeddable":true,"href":"https:\/\/mako-gips.ch\/index.php?rest_route=\/wp\/v2\/users\/2"}],"replies":[{"embeddable":true,"href":"https:\/\/mako-gips.ch\/index.php?rest_route=%2Fwp%2Fv2%2Fcomments&post=781"}],"version-history":[{"count":38,"href":"https:\/\/mako-gips.ch\/index.php?rest_route=\/wp\/v2\/pages\/781\/revisions"}],"predecessor-version":[{"id":2358,"href":"https:\/\/mako-gips.ch\/index.php?rest_route=\/wp\/v2\/pages\/781\/revisions\/2358"}],"wp:attachment":[{"href":"https:\/\/mako-gips.ch\/index.php?rest_route=%2Fwp%2Fv2%2Fmedia&parent=781"}],"curies":[{"name":"wp","href":"https:\/\/api.w.org\/{rel}","templated":true}]}}